{"id":81,"date":"2025-12-15T14:29:35","date_gmt":"2025-12-15T13:29:35","guid":{"rendered":"https:\/\/adautoclean.fr\/?page_id=81"},"modified":"2025-12-15T14:39:42","modified_gmt":"2025-12-15T13:39:42","slug":"details-interieurs","status":"publish","type":"page","link":"https:\/\/adautoclean.fr\/index.php\/details-interieurs\/","title":{"rendered":"D\u00e9tails int\u00e9rieurs"},"content":{"rendered":"<p>[et_pb_section fb_built=\u00a0\u00bb1&Prime; admin_label=\u00a0\u00bbHeader\u00a0\u00bb _builder_version=\u00a0\u00bb4.3.2&Prime; use_background_color_gradient=\u00a0\u00bbon\u00a0\u00bb background_color_gradient_start=\u00a0\u00bbrgba(23,0,190,0.3)\u00a0\u00bb background_color_gradient_end=\u00a0\u00bbrgba(23,0,190,0.9)\u00a0\u00bb background_color_gradient_overlays_image=\u00a0\u00bbon\u00a0\u00bb background_image=\u00a0\u00bbhttps:\/\/adautoclean.fr\/wp-content\/uploads\/2025\/12\/detailing-13.jpg\u00a0\u00bb locked=\u00a0\u00bboff\u00a0\u00bb][et_pb_row column_structure=\u00a0\u00bb2_3,1_3&Prime; _builder_version=\u00a0\u00bb4.3.1&Prime;][et_pb_column type=\u00a0\u00bb2_3&Prime; _builder_version=\u00a0\u00bb4.3.1&Prime;][et_pb_text _builder_version=\u00a0\u00bb4.3.2&Prime; text_font_size=\u00a0\u00bb16px\u00a0\u00bb text_line_height=\u00a0\u00bb1.8em\u00a0\u00bb header_font=\u00a0\u00bbKanit|700|||||||\u00a0\u00bb header_font_size=\u00a0\u00bb80px\u00a0\u00bb background_layout=\u00a0\u00bbdark\u00a0\u00bb header_font_size_tablet=\u00a0\u00bb60px\u00a0\u00bb header_font_size_phone=\u00a0\u00bb42px\u00a0\u00bb header_font_size_last_edited=\u00a0\u00bbon|phone\u00a0\u00bb locked=\u00a0\u00bboff\u00a0\u00bb]<\/p>\n<h1>D\u00e9tails int\u00e9rieurs<\/h1>\n<p>[\/et_pb_text][\/et_pb_column][et_pb_column type=\u00a0\u00bb1_3&Prime; _builder_version=\u00a0\u00bb4.3.1&Prime;][et_pb_button button_text=\u00a0\u00bbPrendre rendez-vous\u00a0\u00bb _builder_version=\u00a0\u00bb4.7.4&Prime; custom_button=\u00a0\u00bbon\u00a0\u00bb button_bg_color=\u00a0\u00bb#1700bd\u00a0\u00bb button_border_color=\u00a0\u00bbrgba(0,0,0,0)\u00a0\u00bb button_border_radius=\u00a0\u00bb0px\u00a0\u00bb button_font=\u00a0\u00bbKanit|700|||||||\u00a0\u00bb button_icon=\u00a0\u00bb%%3%%\u00a0\u00bb background_layout=\u00a0\u00bbdark\u00a0\u00bb custom_padding=\u00a0\u00bb15px|40px|15px|40px|true|true\u00a0\u00bb locked=\u00a0\u00bboff\u00a0\u00bb][\/et_pb_button][\/et_pb_column][\/et_pb_row][\/et_pb_section][et_pb_section fb_built=\u00a0\u00bb1&Prime; admin_label=\u00a0\u00bbAbout\u00a0\u00bb _builder_version=\u00a0\u00bb4.3.2&Prime;][et_pb_row column_structure=\u00a0\u00bb3_5,2_5&Prime; _builder_version=\u00a0\u00bb4.3.1&Prime;][et_pb_column type=\u00a0\u00bb3_5&Prime; _builder_version=\u00a0\u00bb4.3.1&Prime;][et_pb_text _builder_version=\u00a0\u00bb4.3.1&Prime; text_font_size=\u00a0\u00bb16px\u00a0\u00bb text_line_height=\u00a0\u00bb1.8em\u00a0\u00bb custom_padding=\u00a0\u00bb||||false|false\u00a0\u00bb locked=\u00a0\u00bboff\u00a0\u00bb]<\/p>\n<p>L\u2019int\u00e9rieur de votre v\u00e9hicule m\u00e9rite une attention particuli\u00e8re. Notre service de <strong data-start=\"232\" data-end=\"254\">d\u00e9tails int\u00e9rieurs<\/strong> est con\u00e7u pour nettoyer, assainir et sublimer chaque recoin de votre habitacle. Nous intervenons avec pr\u00e9cision et des produits de qualit\u00e9 afin d\u2019\u00e9liminer salet\u00e9s, taches et mauvaises odeurs, tout en respectant les mat\u00e9riaux.<br data-start=\"480\" data-end=\"483\" \/> Que ce soit pour un entretien r\u00e9gulier ou une remise \u00e0 neuf compl\u00e8te, nous vous garantissons un r\u00e9sultat impeccable et durable.<\/p>\n<p>[\/et_pb_text][\/et_pb_column][et_pb_column type=\u00a0\u00bb2_5&Prime; _builder_version=\u00a0\u00bb4.3.1&Prime;][et_pb_blurb title=\u00a0\u00bbNettoyage complet des si\u00e8ges (tissu, cuir ou alcantara)\u00a0\u00bb use_icon=\u00a0\u00bbon\u00a0\u00bb font_icon=\u00a0\u00bb%%36%%\u00a0\u00bb icon_color=\u00a0\u00bb#1700be\u00a0\u00bb icon_placement=\u00a0\u00bbleft\u00a0\u00bb content_max_width=\u00a0\u00bb1100px\u00a0\u00bb use_icon_font_size=\u00a0\u00bbon\u00a0\u00bb icon_font_size=\u00a0\u00bb16px\u00a0\u00bb _builder_version=\u00a0\u00bb4.7.4&Prime; header_font_size=\u00a0\u00bb14px\u00a0\u00bb header_line_height=\u00a0\u00bb1.2em\u00a0\u00bb custom_margin=\u00a0\u00bb||10px||false|false\u00a0\u00bb animation=\u00a0\u00bboff\u00a0\u00bb locked=\u00a0\u00bboff\u00a0\u00bb][\/et_pb_blurb][et_pb_blurb title=\u00a0\u00bbAspiration en profondeur des tapis et moquettes\u00a0\u00bb use_icon=\u00a0\u00bbon\u00a0\u00bb font_icon=\u00a0\u00bb%%36%%\u00a0\u00bb icon_color=\u00a0\u00bb#1700be\u00a0\u00bb icon_placement=\u00a0\u00bbleft\u00a0\u00bb content_max_width=\u00a0\u00bb1100px\u00a0\u00bb use_icon_font_size=\u00a0\u00bbon\u00a0\u00bb icon_font_size=\u00a0\u00bb16px\u00a0\u00bb _builder_version=\u00a0\u00bb4.7.4&Prime; header_font_size=\u00a0\u00bb14px\u00a0\u00bb header_line_height=\u00a0\u00bb1.2em\u00a0\u00bb custom_margin=\u00a0\u00bb||10px||false|false\u00a0\u00bb animation=\u00a0\u00bboff\u00a0\u00bb locked=\u00a0\u00bboff\u00a0\u00bb][\/et_pb_blurb][et_pb_blurb title=\u00a0\u00bbNettoyage et protection des plastiques et du tableau de bord\u00a0\u00bb use_icon=\u00a0\u00bbon\u00a0\u00bb font_icon=\u00a0\u00bb%%36%%\u00a0\u00bb icon_color=\u00a0\u00bb#1700be\u00a0\u00bb icon_placement=\u00a0\u00bbleft\u00a0\u00bb content_max_width=\u00a0\u00bb1100px\u00a0\u00bb use_icon_font_size=\u00a0\u00bbon\u00a0\u00bb icon_font_size=\u00a0\u00bb16px\u00a0\u00bb _builder_version=\u00a0\u00bb4.7.4&Prime; header_font_size=\u00a0\u00bb14px\u00a0\u00bb header_line_height=\u00a0\u00bb1.2em\u00a0\u00bb custom_margin=\u00a0\u00bb||10px||false|false\u00a0\u00bb animation=\u00a0\u00bboff\u00a0\u00bb locked=\u00a0\u00bboff\u00a0\u00bb][\/et_pb_blurb][et_pb_blurb title=\u00a0\u00bbD\u00e9sinfection de l\u2019habitacle et traitement des odeurs\u00a0\u00bb use_icon=\u00a0\u00bbon\u00a0\u00bb font_icon=\u00a0\u00bb%%36%%\u00a0\u00bb icon_color=\u00a0\u00bb#1700be\u00a0\u00bb icon_placement=\u00a0\u00bbleft\u00a0\u00bb content_max_width=\u00a0\u00bb1100px\u00a0\u00bb use_icon_font_size=\u00a0\u00bbon\u00a0\u00bb icon_font_size=\u00a0\u00bb16px\u00a0\u00bb _builder_version=\u00a0\u00bb4.7.4&Prime; header_font_size=\u00a0\u00bb14px\u00a0\u00bb header_line_height=\u00a0\u00bb1.2em\u00a0\u00bb custom_margin=\u00a0\u00bb||10px||false|false\u00a0\u00bb animation=\u00a0\u00bboff\u00a0\u00bb locked=\u00a0\u00bboff\u00a0\u00bb][\/et_pb_blurb][\/et_pb_column][\/et_pb_row][et_pb_row _builder_version=\u00a0\u00bb4.3.1&Prime; hover_enabled=\u00a0\u00bb0&Prime; sticky_enabled=\u00a0\u00bb0&Prime;][et_pb_column type=\u00a0\u00bb4_4&Prime; _builder_version=\u00a0\u00bb4.3.1&Prime;][et_pb_image src=\u00a0\u00bbhttps:\/\/adautoclean.fr\/wp-content\/uploads\/2025\/12\/close-up-car-care-process-1-scaled.jpg\u00a0\u00bb title_text=\u00a0\u00bbclose-up-car-care-process (1)\u00a0\u00bb _builder_version=\u00a0\u00bb4.7.4&Prime; hover_enabled=\u00a0\u00bb0&Prime; sticky_enabled=\u00a0\u00bb0&Prime; border_radii=\u00a0\u00bbon|20px|20px|20px|20px\u00a0\u00bb][\/et_pb_image][et_pb_video src=\u00a0\u00bbhttps:\/\/www.youtube.com\/watch?v=FkQuawiGWUw\u00a0\u00bb image_src=\u00a0\u00bbhttps:\/\/adautoclean.fr\/wp-content\/uploads\/2025\/12\/detailing-08.jpg\u00a0\u00bb thumbnail_overlay_color=\u00a0\u00bbrgba(0,0,0,0.6)\u00a0\u00bb _builder_version=\u00a0\u00bb4.7.4&Prime; positioning=\u00a0\u00bbabsolute\u00a0\u00bb position_origin_a=\u00a0\u00bbbottom_right\u00a0\u00bb vertical_offset=\u00a0\u00bb-24px\u00a0\u00bb horizontal_offset=\u00a0\u00bb-16px\u00a0\u00bb width=\u00a0\u00bb50%\u00a0\u00bb max_width=\u00a0\u00bb400px\u00a0\u00bb scroll_vertical_motion_enable=\u00a0\u00bbon\u00a0\u00bb scroll_vertical_motion=\u00a0\u00bb0|50|50|100|2|0|-2&Prime; hover_enabled=\u00a0\u00bb0&Prime; box_shadow_style=\u00a0\u00bbpreset2&Prime; sticky_enabled=\u00a0\u00bb0&Prime;][\/et_pb_video][\/et_pb_column][\/et_pb_row][\/et_pb_section][et_pb_section fb_built=\u00a0\u00bb1&Prime; admin_label=\u00a0\u00bbHow It Works\u00a0\u00bb _builder_version=\u00a0\u00bb4.3.2&Prime; custom_margin=\u00a0\u00bb||-66px|||\u00a0\u00bb][et_pb_row _builder_version=\u00a0\u00bb4.3.2&Prime;][et_pb_column type=\u00a0\u00bb4_4&Prime; _builder_version=\u00a0\u00bb4.3.2&Prime;][et_pb_text _builder_version=\u00a0\u00bb4.3.2&Prime; header_2_font=\u00a0\u00bbKanit|700|||||||\u00a0\u00bb header_2_text_align=\u00a0\u00bbcenter\u00a0\u00bb header_2_font_size=\u00a0\u00bb48px\u00a0\u00bb header_2_line_height=\u00a0\u00bb1.2em\u00a0\u00bb module_alignment=\u00a0\u00bbcenter\u00a0\u00bb header_2_font_size_tablet=\u00a0\u00bb\u00a0\u00bb header_2_font_size_phone=\u00a0\u00bb30px\u00a0\u00bb header_2_font_size_last_edited=\u00a0\u00bbon|phone\u00a0\u00bb locked=\u00a0\u00bboff\u00a0\u00bb]<\/p>\n<h2>\u00c9tapes de prestation<\/h2>\n<p>[\/et_pb_text][\/et_pb_column][\/et_pb_row][et_pb_row column_structure=\u00a0\u00bb1_4,3_4&Prime; _builder_version=\u00a0\u00bb4.3.2&Prime; custom_padding=\u00a0\u00bb|30px||30px|false|true\u00a0\u00bb scroll_horizontal_motion_enable=\u00a0\u00bbon\u00a0\u00bb scroll_horizontal_motion=\u00a0\u00bb0|50|50|100|1|0|0&Prime;][et_pb_column type=\u00a0\u00bb1_4&Prime; _builder_version=\u00a0\u00bb4.3.2&Prime;][et_pb_text _builder_version=\u00a0\u00bb4.3.2&Prime; header_3_font=\u00a0\u00bbKanit|700|||||||\u00a0\u00bb header_3_text_color=\u00a0\u00bb#1700be\u00a0\u00bb header_3_font_size=\u00a0\u00bb48px\u00a0\u00bb header_3_line_height=\u00a0\u00bb1.2em\u00a0\u00bb header_3_font_size_tablet=\u00a0\u00bb\u00a0\u00bb header_3_font_size_phone=\u00a0\u00bb30px\u00a0\u00bb header_3_font_size_last_edited=\u00a0\u00bbon|phone\u00a0\u00bb]<\/p>\n<h3>\u00c9tape 1<\/h3>\n<p>[\/et_pb_text][\/et_pb_column][et_pb_column type=\u00a0\u00bb3_4&Prime; _builder_version=\u00a0\u00bb4.3.2&Prime;][et_pb_text _builder_version=\u00a0\u00bb4.3.1&Prime; text_font_size=\u00a0\u00bb16px\u00a0\u00bb text_line_height=\u00a0\u00bb1.8em\u00a0\u00bb custom_padding=\u00a0\u00bb||||false|false\u00a0\u00bb locked=\u00a0\u00bboff\u00a0\u00bb]<\/p>\n<h3 data-start=\"102\" data-end=\"150\">Diagnostic &amp; pr\u00e9paration de l\u2019habitacle<\/h3>\n<p data-start=\"151\" data-end=\"437\">Chaque v\u00e9hicule est d\u2019abord inspect\u00e9 afin d\u2019identifier l\u2019\u00e9tat des surfaces et les zones n\u00e9cessitant une attention particuli\u00e8re. Les mat\u00e9riaux (tissu, cuir, plastiques) sont pris en compte pour choisir les m\u00e9thodes et produits les plus adapt\u00e9s, tout en prot\u00e9geant les \u00e9l\u00e9ments sensibles.<\/p>\n<p>[\/et_pb_text][\/et_pb_column][\/et_pb_row][et_pb_row column_structure=\u00a0\u00bb1_4,3_4&Prime; _builder_version=\u00a0\u00bb4.3.2&Prime; background_color=\u00a0\u00bbrgba(0,0,0,0.03)\u00a0\u00bb custom_padding=\u00a0\u00bb|30px||30px|false|true\u00a0\u00bb scroll_horizontal_motion_enable=\u00a0\u00bbon\u00a0\u00bb scroll_horizontal_motion=\u00a0\u00bb0|50|50|100|1|0|0&Prime;][et_pb_column type=\u00a0\u00bb1_4&Prime; _builder_version=\u00a0\u00bb4.3.2&Prime;][et_pb_text _builder_version=\u00a0\u00bb4.7.4&Prime; header_3_font=\u00a0\u00bbKanit|700|||||||\u00a0\u00bb header_3_text_color=\u00a0\u00bb#1700be\u00a0\u00bb header_3_font_size=\u00a0\u00bb48px\u00a0\u00bb header_3_line_height=\u00a0\u00bb1.2em\u00a0\u00bb header_3_font_size_tablet=\u00a0\u00bb\u00a0\u00bb header_3_font_size_phone=\u00a0\u00bb30px\u00a0\u00bb header_3_font_size_last_edited=\u00a0\u00bbon|phone\u00a0\u00bb]<\/p>\n<h3>\u00c9tape\u00a0<span style=\"font-size: 48px;\">2<\/span><\/h3>\n<p>[\/et_pb_text][\/et_pb_column][et_pb_column type=\u00a0\u00bb3_4&Prime; _builder_version=\u00a0\u00bb4.3.2&Prime;][et_pb_text _builder_version=\u00a0\u00bb4.3.1&Prime; text_font_size=\u00a0\u00bb16px\u00a0\u00bb text_line_height=\u00a0\u00bb1.8em\u00a0\u00bb custom_padding=\u00a0\u00bb||||false|false\u00a0\u00bb locked=\u00a0\u00bboff\u00a0\u00bb]<\/p>\n<h3 data-start=\"439\" data-end=\"488\">Aspiration minutieuse et nettoyage \u00e0 sec<\/h3>\n<p data-start=\"489\" data-end=\"704\">L\u2019ensemble de l\u2019habitacle est aspir\u00e9 en profondeur : si\u00e8ges, tapis, moquettes, coffres et recoins difficiles d\u2019acc\u00e8s. Cette \u00e9tape permet d\u2019\u00e9liminer poussi\u00e8res, salet\u00e9s et r\u00e9sidus incrust\u00e9s avant le nettoyage humide.<\/p>\n<p>[\/et_pb_text][\/et_pb_column][\/et_pb_row][et_pb_row column_structure=\u00a0\u00bb1_4,3_4&Prime; _builder_version=\u00a0\u00bb4.3.2&Prime; custom_padding=\u00a0\u00bb|30px||30px|false|true\u00a0\u00bb scroll_horizontal_motion_enable=\u00a0\u00bbon\u00a0\u00bb scroll_horizontal_motion=\u00a0\u00bb0|50|50|100|1|0|0&Prime;][et_pb_column type=\u00a0\u00bb1_4&Prime; _builder_version=\u00a0\u00bb4.3.2&Prime;][et_pb_text _builder_version=\u00a0\u00bb4.7.4&Prime; header_3_font=\u00a0\u00bbKanit|700|||||||\u00a0\u00bb header_3_text_color=\u00a0\u00bb#1700be\u00a0\u00bb header_3_font_size=\u00a0\u00bb48px\u00a0\u00bb header_3_line_height=\u00a0\u00bb1.2em\u00a0\u00bb header_3_font_size_tablet=\u00a0\u00bb\u00a0\u00bb header_3_font_size_phone=\u00a0\u00bb30px\u00a0\u00bb header_3_font_size_last_edited=\u00a0\u00bbon|phone\u00a0\u00bb]<\/p>\n<h3>\u00c9tape\u00a03<\/h3>\n<p>[\/et_pb_text][\/et_pb_column][et_pb_column type=\u00a0\u00bb3_4&Prime; _builder_version=\u00a0\u00bb4.3.2&Prime;][et_pb_text _builder_version=\u00a0\u00bb4.3.1&Prime; text_font_size=\u00a0\u00bb16px\u00a0\u00bb text_line_height=\u00a0\u00bb1.8em\u00a0\u00bb custom_padding=\u00a0\u00bb||||false|false\u00a0\u00bb locked=\u00a0\u00bboff\u00a0\u00bb]<\/p>\n<h3 data-start=\"706\" data-end=\"753\">Nettoyage en profondeur &amp; d\u00e9sinfection<\/h3>\n<p data-start=\"754\" data-end=\"1001\">Les surfaces int\u00e9rieures sont nettoy\u00e9es en d\u00e9tail : si\u00e8ges, tableau de bord, panneaux de portes et plastiques. Les taches sont trait\u00e9es et l\u2019habitacle est d\u00e9sinfect\u00e9 afin d\u2019\u00e9liminer bact\u00e9ries et mauvaises odeurs pour un int\u00e9rieur sain et agr\u00e9able.<\/p>\n<p>[\/et_pb_text][\/et_pb_column][\/et_pb_row][et_pb_row column_structure=\u00a0\u00bb1_4,3_4&Prime; _builder_version=\u00a0\u00bb4.3.2&Prime; background_color=\u00a0\u00bbrgba(0,0,0,0.03)\u00a0\u00bb custom_padding=\u00a0\u00bb|30px||30px|false|true\u00a0\u00bb scroll_horizontal_motion_enable=\u00a0\u00bbon\u00a0\u00bb scroll_horizontal_motion=\u00a0\u00bb0|50|50|100|1|0|0&Prime;][et_pb_column type=\u00a0\u00bb1_4&Prime; _builder_version=\u00a0\u00bb4.3.2&Prime;][et_pb_text _builder_version=\u00a0\u00bb4.3.2&Prime; header_3_font=\u00a0\u00bbKanit|700|||||||\u00a0\u00bb header_3_text_color=\u00a0\u00bb#1700be\u00a0\u00bb header_3_font_size=\u00a0\u00bb48px\u00a0\u00bb header_3_line_height=\u00a0\u00bb1.2em\u00a0\u00bb header_3_font_size_tablet=\u00a0\u00bb\u00a0\u00bb header_3_font_size_phone=\u00a0\u00bb30px\u00a0\u00bb header_3_font_size_last_edited=\u00a0\u00bbon|phone\u00a0\u00bb]<\/p>\n<h3>\u00c9tape 4<\/h3>\n<p>[\/et_pb_text][\/et_pb_column][et_pb_column type=\u00a0\u00bb3_4&Prime; _builder_version=\u00a0\u00bb4.3.2&Prime;][et_pb_text _builder_version=\u00a0\u00bb4.3.1&Prime; text_font_size=\u00a0\u00bb16px\u00a0\u00bb text_line_height=\u00a0\u00bb1.8em\u00a0\u00bb custom_padding=\u00a0\u00bb||||false|false\u00a0\u00bb locked=\u00a0\u00bboff\u00a0\u00bb]<\/p>\n<h3 data-start=\"1003\" data-end=\"1042\">Finitions &amp; protection durable<\/h3>\n<p data-start=\"1043\" data-end=\"1248\">Pour terminer, des soins protecteurs sont appliqu\u00e9s afin de pr\u00e9server les mat\u00e9riaux et prolonger la propret\u00e9. Un contr\u00f4le final est effectu\u00e9 pour garantir un r\u00e9sultat impeccable et un int\u00e9rieur comme neuf.<\/p>\n<p>[\/et_pb_text][\/et_pb_column][\/et_pb_row][et_pb_row _builder_version=\u00a0\u00bb4.3.2&Prime;][et_pb_column type=\u00a0\u00bb4_4&Prime; _builder_version=\u00a0\u00bb4.3.2&Prime;][et_pb_button button_text=\u00a0\u00bbPrendre rendez-vous \u00a0\u00bb _builder_version=\u00a0\u00bb4.7.4&Prime; custom_button=\u00a0\u00bbon\u00a0\u00bb button_bg_color=\u00a0\u00bb#1700bd\u00a0\u00bb button_border_color=\u00a0\u00bbrgba(0,0,0,0)\u00a0\u00bb button_border_radius=\u00a0\u00bb0px\u00a0\u00bb button_font=\u00a0\u00bbKanit|700|||||||\u00a0\u00bb button_icon=\u00a0\u00bb%%3%%\u00a0\u00bb background_layout=\u00a0\u00bbdark\u00a0\u00bb custom_padding=\u00a0\u00bb15px|40px|15px|40px|true|true\u00a0\u00bb locked=\u00a0\u00bboff\u00a0\u00bb][\/et_pb_button][\/et_pb_column][\/et_pb_row][\/et_pb_section]<\/p>\n","protected":false},"excerpt":{"rendered":"<p>[et_pb_section fb_built=\u00a0\u00bb1&Prime; admin_label=\u00a0\u00bbHeader\u00a0\u00bb _builder_version=\u00a0\u00bb4.3.2&Prime; use_background_color_gradient=\u00a0\u00bbon\u00a0\u00bb background_color_gradient_start=\u00a0\u00bbrgba(23,0,190,0.3)\u00a0\u00bb background_color_gradient_end=\u00a0\u00bbrgba(23,0,190,0.9)\u00a0\u00bb background_color_gradient_overlays_image=\u00a0\u00bbon\u00a0\u00bb background_image=\u00a0\u00bbhttps:\/\/adautoclean.fr\/wp-content\/uploads\/2025\/12\/detailing-13.jpg\u00a0\u00bb locked=\u00a0\u00bboff\u00a0\u00bb][et_pb_row column_structure=\u00a0\u00bb2_3,1_3&Prime; _builder_version=\u00a0\u00bb4.3.1&Prime;][et_pb_column type=\u00a0\u00bb2_3&Prime; _builder_version=\u00a0\u00bb4.3.1&Prime;][et_pb_text _builder_version=\u00a0\u00bb4.3.2&Prime; text_font_size=\u00a0\u00bb16px\u00a0\u00bb text_line_height=\u00a0\u00bb1.8em\u00a0\u00bb header_font=\u00a0\u00bbKanit|700|||||||\u00a0\u00bb header_font_size=\u00a0\u00bb80px\u00a0\u00bb background_layout=\u00a0\u00bbdark\u00a0\u00bb header_font_size_tablet=\u00a0\u00bb60px\u00a0\u00bb header_font_size_phone=\u00a0\u00bb42px\u00a0\u00bb header_font_size_last_edited=\u00a0\u00bbon|phone\u00a0\u00bb locked=\u00a0\u00bboff\u00a0\u00bb] D\u00e9tails int\u00e9rieurs [\/et_pb_text][\/et_pb_column][et_pb_column type=\u00a0\u00bb1_3&Prime; _builder_version=\u00a0\u00bb4.3.1&Prime;][et_pb_button button_text=\u00a0\u00bbPrendre rendez-vous\u00a0\u00bb _builder_version=\u00a0\u00bb4.7.4&Prime; custom_button=\u00a0\u00bbon\u00a0\u00bb button_bg_color=\u00a0\u00bb#1700bd\u00a0\u00bb button_border_color=\u00a0\u00bbrgba(0,0,0,0)\u00a0\u00bb button_border_radius=\u00a0\u00bb0px\u00a0\u00bb button_font=\u00a0\u00bbKanit|700|||||||\u00a0\u00bb button_icon=\u00a0\u00bb%%3%%\u00a0\u00bb background_layout=\u00a0\u00bbdark\u00a0\u00bb custom_padding=\u00a0\u00bb15px|40px|15px|40px|true|true\u00a0\u00bb locked=\u00a0\u00bboff\u00a0\u00bb][\/et_pb_button][\/et_pb_column][\/et_pb_row][\/et_pb_section][et_pb_section fb_built=\u00a0\u00bb1&Prime; admin_label=\u00a0\u00bbAbout\u00a0\u00bb _builder_version=\u00a0\u00bb4.3.2&Prime;][et_pb_row column_structure=\u00a0\u00bb3_5,2_5&Prime; _builder_version=\u00a0\u00bb4.3.1&Prime;][et_pb_column type=\u00a0\u00bb3_5&Prime; _builder_version=\u00a0\u00bb4.3.1&Prime;][et_pb_text _builder_version=\u00a0\u00bb4.3.1&Prime; text_font_size=\u00a0\u00bb16px\u00a0\u00bb text_line_height=\u00a0\u00bb1.8em\u00a0\u00bb custom_padding=\u00a0\u00bb||||false|false\u00a0\u00bb locked=\u00a0\u00bboff\u00a0\u00bb] L\u2019int\u00e9rieur de [&hellip;]<\/p>\n","protected":false},"author":1,"featured_media":0,"parent":0,"menu_order":10,"comment_status":"closed","ping_status":"closed","template":"","meta":{"_et_pb_use_builder":"on","_et_pb_old_content":"","_et_gb_content_width":"","footnotes":""},"class_list":["post-81","page","type-page","status-publish","hentry"],"_links":{"self":[{"href":"https:\/\/adautoclean.fr\/index.php\/wp-json\/wp\/v2\/pages\/81","targetHints":{"allow":["GET"]}}],"collection":[{"href":"https:\/\/adautoclean.fr\/index.php\/wp-json\/wp\/v2\/pages"}],"about":[{"href":"https:\/\/adautoclean.fr\/index.php\/wp-json\/wp\/v2\/types\/page"}],"author":[{"embeddable":true,"href":"https:\/\/adautoclean.fr\/index.php\/wp-json\/wp\/v2\/users\/1"}],"replies":[{"embeddable":true,"href":"https:\/\/adautoclean.fr\/index.php\/wp-json\/wp\/v2\/comments?post=81"}],"version-history":[{"count":8,"href":"https:\/\/adautoclean.fr\/index.php\/wp-json\/wp\/v2\/pages\/81\/revisions"}],"predecessor-version":[{"id":96,"href":"https:\/\/adautoclean.fr\/index.php\/wp-json\/wp\/v2\/pages\/81\/revisions\/96"}],"wp:attachment":[{"href":"https:\/\/adautoclean.fr\/index.php\/wp-json\/wp\/v2\/media?parent=81"}],"curies":[{"name":"wp","href":"https:\/\/api.w.org\/{rel}","templated":true}]}}